{"id":59,"date":"2024-01-14T17:48:25","date_gmt":"2024-01-14T16:48:25","guid":{"rendered":"http:\/\/dogsitterlyon.fr\/?page_id=59"},"modified":"2025-05-03T22:23:58","modified_gmt":"2025-05-03T20:23:58","slug":"a-propos","status":"publish","type":"page","link":"https:\/\/dogsitterlyon.fr\/?page_id=59","title":{"rendered":"A propos"},"content":{"rendered":"<p>[et_pb_section fb_built=\u00a0\u00bb1&Prime; _builder_version=\u00a0\u00bb4.23.1&Prime; _module_preset=\u00a0\u00bbdefault\u00a0\u00bb global_colors_info=\u00a0\u00bb{}\u00a0\u00bb][et_pb_row _builder_version=\u00a0\u00bb4.23.1&Prime; _module_preset=\u00a0\u00bbdefault\u00a0\u00bb global_colors_info=\u00a0\u00bb{}\u00a0\u00bb][et_pb_column type=\u00a0\u00bb4_4&Prime; _builder_version=\u00a0\u00bb4.23.1&Prime; _module_preset=\u00a0\u00bbdefault\u00a0\u00bb global_colors_info=\u00a0\u00bb{}\u00a0\u00bb][et_pb_text _builder_version=\u00a0\u00bb4.23.1&Prime; _module_preset=\u00a0\u00bbdefault\u00a0\u00bb header_font=\u00a0\u00bbHarperbold||||||||\u00a0\u00bb header_text_align=\u00a0\u00bbcenter\u00a0\u00bb header_text_color=\u00a0\u00bb#165ba2&Prime; header_font_size=\u00a0\u00bb45px\u00a0\u00bb global_colors_info=\u00a0\u00bb{}\u00a0\u00bb]<\/p>\n<h1>A propos de Cat Sitting Lyon<\/h1>\n<p>[\/et_pb_text][\/et_pb_column][\/et_pb_row][et_pb_row column_structure=\u00a0\u00bb1_2,1_2&Prime; custom_padding_last_edited=\u00a0\u00bbon|desktop\u00a0\u00bb _builder_version=\u00a0\u00bb4.23.1&Prime; _module_preset=\u00a0\u00bbdefault\u00a0\u00bb background_enable_color=\u00a0\u00bboff\u00a0\u00bb custom_padding=\u00a0\u00bb|10px||10px|false|true\u00a0\u00bb custom_padding_tablet=\u00a0\u00bb|10px||10px|false|true\u00a0\u00bb custom_padding_phone=\u00a0\u00bb|10px||10px|false|true\u00a0\u00bb global_colors_info=\u00a0\u00bb{}\u00a0\u00bb][et_pb_column type=\u00a0\u00bb1_2&Prime; _builder_version=\u00a0\u00bb4.21.0&Prime; _module_preset=\u00a0\u00bbdefault\u00a0\u00bb global_colors_info=\u00a0\u00bb{}\u00a0\u00bb][et_pb_text _builder_version=\u00a0\u00bb4.27.4&Prime; _module_preset=\u00a0\u00bbdefault\u00a0\u00bb text_font=\u00a0\u00bbfutura||||||||\u00a0\u00bb text_text_color=\u00a0\u00bb#000000&Prime; text_font_size=\u00a0\u00bb16px\u00a0\u00bb header_text_align=\u00a0\u00bbcenter\u00a0\u00bb header_2_font=\u00a0\u00bbHarperbold||||||||\u00a0\u00bb header_2_text_align=\u00a0\u00bbcenter\u00a0\u00bb header_2_text_color=\u00a0\u00bb#165ba2&Prime; header_2_font_size=\u00a0\u00bb40px\u00a0\u00bb hover_enabled=\u00a0\u00bb0&Prime; global_colors_info=\u00a0\u00bb{}\u00a0\u00bb sticky_enabled=\u00a0\u00bb0&Prime;]<\/p>\n<h2><span style=\"font-weight: 400;\">Comment le dog-walking est arriv\u00e9 dans ma vie\u00a0<\/span><\/h2>\n<h2><\/h2>\n<p><span style=\"font-weight: 400;\">Moi, c\u2019est Ludovic Siennat,<\/span><b> pet sitter professionnel<\/b><span style=\"font-weight: 400;\"> !<\/span><\/p>\n<p><span style=\"font-weight: 400;\">Amoureux des chats depuis tout petit, c\u2019est en 2019 que mon histoire avec les animaux a commenc\u00e9, puisque je suis devenu <\/span><a href=\"https:\/\/catsittinglyon.fr\/\" target=\"_blank\" rel=\"noopener\"><b>cat sitter \u00e0 Lyon <\/b><\/a><span style=\"font-weight: 400;\">. Je suis tr\u00e8s heureux de la confiance que mes clients ont pu m\u2019accorder depuis toutes ces ann\u00e9es, et j\u2019ai visit\u00e9 depuis de (tr\u00e8s) nombreux matous.\u00a0<\/span><\/p>\n<p><span style=\"font-weight: 400;\">Apr\u00e8s m\u2019\u00eatre exclusivement consacr\u00e9 aux petits f\u00e9lins, mon envie d\u2019ouvrir mes horizons aux chiens s\u2019est faite de plus en plus pr\u00e9sente ! Je n\u2019ai pas eu la chance de grandir avec un chien, et pourtant j\u2019ai toujours eu un fort attrait pour cet animal. C\u2019est \u00e0 l\u2019age adulte que j\u2019ai enfin pu profiter des merveilleuses relations que nous pouvons cr\u00e9er avec eux, gr\u00e2ce \u00e0 Sydney, le chiot de ma s\u0153ur ! J\u2019ai eu la chance de le voir grandir, de participer \u00e0 son \u00e9ducation, de pouvoir le promener\u2026 Je me sentais alors plus l\u00e9gitime pour proposer mes services en tant que <\/span><b>dog walker \u00e0 Lyon<\/b><span style=\"font-weight: 400;\">.<\/span><\/p>\n<p><span style=\"font-weight: 400;\">D\u00e9j\u00e0 titulaire de l\u2019Attestation de Connaissances Animaux de Compagnie d\u2019Esp\u00e8ces domestiques (A.C.A.C.E.D.), j\u2019ai continu\u00e9 de me former afin d\u2019en apprendre toujours plus sur le comportement canin.\u00a0<\/span><\/p>\n<p>[\/et_pb_text][\/et_pb_column][et_pb_column type=\u00a0\u00bb1_2&Prime; _builder_version=\u00a0\u00bb4.21.0&Prime; _module_preset=\u00a0\u00bbdefault\u00a0\u00bb global_colors_info=\u00a0\u00bb{}\u00a0\u00bb][et_pb_image src=\u00a0\u00bbhttps:\/\/dogsitterlyon.fr\/wp-content\/uploads\/2025\/05\/PXL_20250424_111802390-scaled.jpg\u00a0\u00bb title_text=\u00a0\u00bbPXL_20250424_111802390&Prime; _builder_version=\u00a0\u00bb4.27.4&Prime; _module_preset=\u00a0\u00bbdefault\u00a0\u00bb hover_enabled=\u00a0\u00bb0&Prime; global_colors_info=\u00a0\u00bb{}\u00a0\u00bb sticky_enabled=\u00a0\u00bb0&Prime;][\/et_pb_image][\/et_pb_column][\/et_pb_row][et_pb_row column_structure=\u00a0\u00bb1_2,1_2&Prime; _builder_version=\u00a0\u00bb4.23.1&Prime; _module_preset=\u00a0\u00bbdefault\u00a0\u00bb background_enable_color=\u00a0\u00bboff\u00a0\u00bb custom_padding=\u00a0\u00bb|10px||10px|false|true\u00a0\u00bb global_colors_info=\u00a0\u00bb{}\u00a0\u00bb][et_pb_column type=\u00a0\u00bb1_2&Prime; _builder_version=\u00a0\u00bb4.21.0&Prime; _module_preset=\u00a0\u00bbdefault\u00a0\u00bb global_colors_info=\u00a0\u00bb{}\u00a0\u00bb][et_pb_image src=\u00a0\u00bbhttps:\/\/dogsitterlyon.fr\/wp-content\/uploads\/2025\/05\/PXL_20250429_100956610-scaled.jpg\u00a0\u00bb title_text=\u00a0\u00bbPXL_20250429_100956610&Prime; _builder_version=\u00a0\u00bb4.27.4&Prime; _module_preset=\u00a0\u00bbdefault\u00a0\u00bb hover_enabled=\u00a0\u00bb0&Prime; global_colors_info=\u00a0\u00bb{}\u00a0\u00bb sticky_enabled=\u00a0\u00bb0&Prime;][\/et_pb_image][\/et_pb_column][et_pb_column type=\u00a0\u00bb1_2&Prime; _builder_version=\u00a0\u00bb4.21.0&Prime; _module_preset=\u00a0\u00bbdefault\u00a0\u00bb global_colors_info=\u00a0\u00bb{}\u00a0\u00bb][et_pb_text _builder_version=\u00a0\u00bb4.27.4&Prime; _module_preset=\u00a0\u00bbdefault\u00a0\u00bb text_font=\u00a0\u00bbfutura||||||||\u00a0\u00bb text_text_color=\u00a0\u00bb#000000&Prime; text_font_size=\u00a0\u00bb16px\u00a0\u00bb hover_enabled=\u00a0\u00bb0&Prime; global_colors_info=\u00a0\u00bb{}\u00a0\u00bb sticky_enabled=\u00a0\u00bb0&Prime; header_2_font=\u00a0\u00bbHarperbold||||||||\u00a0\u00bb header_2_text_color=\u00a0\u00bb#0C71C3&Prime;]<\/p>\n<h2 style=\"text-align: center;\"><span style=\"font-weight: 400;\">\u00a0La promenade : un moment privil\u00e9gi\u00e9 et primordial pour votre chien<\/span><\/h2>\n<p>&nbsp;<\/p>\n<p><span style=\"font-weight: 400;\">J\u2019ai choisi ce m\u00e9tier de pet sitter avec une ligne directrice qui ne me quitte jamais : <\/span><b>r\u00e9pondre aux mieux aux besoins fondamentaux des animaux<\/b><span style=\"font-weight: 400;\"> ! La balade de votre toutou n\u2019est pas utile uniquement pour faire la petite commission ou se d\u00e9gourdir les pattes. Elle est n\u00e9cessaire pour la sociabilisation et l\u2019apprentissage, pour \u00e9veiller ses sens, lui permettre de sentir de nouvelles odeurs\u2026 Les bienfaits sont nombreux.\u00a0<\/span><\/p>\n<p>&nbsp;<\/p>\n<p><span style=\"font-weight: 400;\">Vous n\u2019avez peut-\u00eatre pas toujours le temps d\u2019offrir \u00e0 votre toutou une balade digne de ce nom. Le sortir dans un jardin ne suffit \u00e9galement pas \u00e0 satisfaire ses exigences sociales et physiques. C\u2019est \u00e0 ce moment l\u00e0 que j\u2019interviens en tant que <\/span><b>dog walker<\/b><span style=\"font-weight: 400;\"> \ud83d\ude00<\/span><\/p>\n<p>&nbsp;<\/p>\n<p><span style=\"font-weight: 400;\">Je souhaite offrir \u00e0 tous les chiens lyonnais des <\/span><b>promenades en plein air vari\u00e9es et de qualit\u00e9<\/b><span style=\"font-weight: 400;\"> toute l\u2019ann\u00e9e (qu\u2019il vente ou qu\u2019il neige), quand vous n\u2019avez pas la possibilit\u00e9 de le faire. Au programme : jeux, caresses \u00e0 volont\u00e9, interactions\u2026 Vous l\u2019aurez compris, une bonne marche stimulante est essentielle pour le bien-\u00eatre de votre chien. Et c\u2019est exactement ce que je vous propose pour votre boule de poils !<\/span><\/p>\n<p>&nbsp;<\/p>\n<p><span style=\"font-weight: 400;\">N\u2019h\u00e9sitez pas \u00e0 <\/span><span style=\"font-weight: 400;\">prendre contact<\/span><span style=\"font-weight: 400;\"> avec moi, je serai ravi de faire la connaissance de votre compagnon de vie.<\/span><\/p>\n<p>[\/et_pb_text][\/et_pb_column][\/et_pb_row][et_pb_row _builder_version=\u00a0\u00bb4.23.1&Prime; _module_preset=\u00a0\u00bbdefault\u00a0\u00bb custom_padding=\u00a0\u00bb|10px||10px|false|true\u00a0\u00bb global_colors_info=\u00a0\u00bb{}\u00a0\u00bb custom_margin=\u00a0\u00bb-6px|auto||auto||\u00a0\u00bb][et_pb_column type=\u00a0\u00bb4_4&Prime; _builder_version=\u00a0\u00bb4.21.0&Prime; _module_preset=\u00a0\u00bbdefault\u00a0\u00bb global_colors_info=\u00a0\u00bb{}\u00a0\u00bb][et_pb_button button_url=\u00a0\u00bb@ET-DC@eyJkeW5hbWljIjp0cnVlLCJjb250ZW50IjoicG9zdF9saW5rX3VybF9wYWdlIiwic2V0dGluZ3MiOnsicG9zdF9pZCI6Ijc3In19@\u00a0\u00bb button_text=\u00a0\u00bbR\u00e9servez des balades\u00a0\u00bb button_alignment=\u00a0\u00bbcenter\u00a0\u00bb _builder_version=\u00a0\u00bb4.27.4&Prime; _dynamic_attributes=\u00a0\u00bbbutton_url\u00a0\u00bb _module_preset=\u00a0\u00bbdefault\u00a0\u00bb custom_button=\u00a0\u00bbon\u00a0\u00bb button_text_size=\u00a0\u00bb26px\u00a0\u00bb button_text_color=\u00a0\u00bb#FFFFFF\u00a0\u00bb button_bg_color=\u00a0\u00bb#E09900&Prime; button_border_width=\u00a0\u00bb0px\u00a0\u00bb button_border_color=\u00a0\u00bb#E09900&Prime; button_border_radius=\u00a0\u00bb10px\u00a0\u00bb button_font=\u00a0\u00bbHarperbold|800|||||||\u00a0\u00bb button_use_icon=\u00a0\u00bboff\u00a0\u00bb background_layout=\u00a0\u00bbdark\u00a0\u00bb hover_enabled=\u00a0\u00bb0&Prime; global_colors_info=\u00a0\u00bb{}\u00a0\u00bb sticky_enabled=\u00a0\u00bb0&Prime;][\/et_pb_button][\/et_pb_column][\/et_pb_row][\/et_pb_section]<\/p>\n","protected":false},"excerpt":{"rendered":"<p>A propos de Cat Sitting Lyon Comment le dog-walking&#8230;<\/p>\n","protected":false},"author":1,"featured_media":0,"parent":0,"menu_order":0,"comment_status":"closed","ping_status":"closed","template":"","meta":{"_et_pb_use_builder":"on","_et_pb_old_content":"","_et_gb_content_width":"","footnotes":""},"class_list":["post-59","page","type-page","status-publish"],"_links":{"self":[{"href":"https:\/\/dogsitterlyon.fr\/index.php?rest_route=\/wp\/v2\/pages\/59","targetHints":{"allow":["GET"]}}],"collection":[{"href":"https:\/\/dogsitterlyon.fr\/index.php?rest_route=\/wp\/v2\/pages"}],"about":[{"href":"https:\/\/dogsitterlyon.fr\/index.php?rest_route=\/wp\/v2\/types\/page"}],"author":[{"embeddable":true,"href":"https:\/\/dogsitterlyon.fr\/index.php?rest_route=\/wp\/v2\/users\/1"}],"replies":[{"embeddable":true,"href":"https:\/\/dogsitterlyon.fr\/index.php?rest_route=%2Fwp%2Fv2%2Fcomments&post=59"}],"version-history":[{"count":3,"href":"https:\/\/dogsitterlyon.fr\/index.php?rest_route=\/wp\/v2\/pages\/59\/revisions"}],"predecessor-version":[{"id":102,"href":"https:\/\/dogsitterlyon.fr\/index.php?rest_route=\/wp\/v2\/pages\/59\/revisions\/102"}],"wp:attachment":[{"href":"https:\/\/dogsitterlyon.fr\/index.php?rest_route=%2Fwp%2Fv2%2Fmedia&parent=59"}],"curies":[{"name":"wp","href":"https:\/\/api.w.org\/{rel}","templated":true}]}}