{"id":44,"date":"2024-01-14T17:38:53","date_gmt":"2024-01-14T16:38:53","guid":{"rendered":"http:\/\/dogsitterlyon.fr\/?page_id=44"},"modified":"2025-05-03T22:27:36","modified_gmt":"2025-05-03T20:27:36","slug":"services","status":"publish","type":"page","link":"https:\/\/dogsitterlyon.fr\/?page_id=44","title":{"rendered":"Services"},"content":{"rendered":"<p>[et_pb_section fb_built=\u00a0\u00bb1&Prime; next_background_color=\u00a0\u00bb#ffffff\u00a0\u00bb admin_label=\u00a0\u00bbHeader\u00a0\u00bb _builder_version=\u00a0\u00bb4.27.4&Prime; use_background_color_gradient=\u00a0\u00bbon\u00a0\u00bb background_size=\u00a0\u00bbcontain\u00a0\u00bb background_position=\u00a0\u00bbbottom_center\u00a0\u00bb custom_padding=\u00a0\u00bb||0px|||\u00a0\u00bb bottom_divider_style=\u00a0\u00bbwaves\u00a0\u00bb bottom_divider_height=\u00a0\u00bb22vw\u00a0\u00bb bottom_divider_repeat=\u00a0\u00bb0.7x\u00a0\u00bb hover_enabled=\u00a0\u00bb0&Prime; global_colors_info=\u00a0\u00bb{}\u00a0\u00bb background_enable_color=\u00a0\u00bboff\u00a0\u00bb background_color_gradient_stops=\u00a0\u00bb#2b87da 0%|rgba(255,255,255,0) 100%\u00a0\u00bb sticky_enabled=\u00a0\u00bb0&Prime;][et_pb_row _builder_version=\u00a0\u00bb4.23.1&Prime; _module_preset=\u00a0\u00bbdefault\u00a0\u00bb max_width=\u00a0\u00bb700px\u00a0\u00bb global_colors_info=\u00a0\u00bb{}\u00a0\u00bb][et_pb_column type=\u00a0\u00bb4_4&Prime; _builder_version=\u00a0\u00bb4.22.0&Prime; _module_preset=\u00a0\u00bbdefault\u00a0\u00bb global_colors_info=\u00a0\u00bb{}\u00a0\u00bb][et_pb_text _builder_version=\u00a0\u00bb4.23.1&Prime; _module_preset=\u00a0\u00bbff606781-c797-4f0a-b833-4f271ea398e8&Prime; header_font=\u00a0\u00bbHarperbold||||||||\u00a0\u00bb header_text_color=\u00a0\u00bb#E09900&Prime; text_orientation=\u00a0\u00bbcenter\u00a0\u00bb custom_margin=\u00a0\u00bb||10px||false|false\u00a0\u00bb header_font_size_tablet=\u00a0\u00bb\u00a0\u00bb header_font_size_phone=\u00a0\u00bb78px\u00a0\u00bb header_font_size_last_edited=\u00a0\u00bbon|phone\u00a0\u00bb global_colors_info=\u00a0\u00bb{}\u00a0\u00bb]<\/p>\n<h1>Services Dog sitter Lyon<\/h1>\n<p>&nbsp;<\/p>\n<p>[\/et_pb_text][\/et_pb_column][\/et_pb_row][et_pb_row _builder_version=\u00a0\u00bb4.16&Prime; max_width=\u00a0\u00bb1280px\u00a0\u00bb custom_margin=\u00a0\u00bb4px|auto|4px|auto|true|false\u00a0\u00bb global_colors_info=\u00a0\u00bb{}\u00a0\u00bb][et_pb_column type=\u00a0\u00bb4_4&Prime; _builder_version=\u00a0\u00bb4.16&Prime; background_color=\u00a0\u00bb#ffffff\u00a0\u00bb overflow-x=\u00a0\u00bbvisible\u00a0\u00bb overflow-y=\u00a0\u00bbvisible\u00a0\u00bb custom_padding=\u00a0\u00bb|30px|0px|30px|false|true\u00a0\u00bb custom_padding_tablet=\u00a0\u00bb||30px\u00a0\u00bb custom_padding_phone=\u00a0\u00bb\u00a0\u00bb custom_padding_last_edited=\u00a0\u00bbon|phone\u00a0\u00bb border_radii=\u00a0\u00bbon|60px|60px|60px|60px\u00a0\u00bb global_colors_info=\u00a0\u00bb{}\u00a0\u00bb][et_pb_image src=\u00a0\u00bbhttps:\/\/dogsitterlyon.fr\/wp-content\/uploads\/2025\/05\/IMG-20211108-WA0006-1.jpg\u00a0\u00bb title_text=\u00a0\u00bbIMG-20211108-WA0006&Prime; align=\u00a0\u00bbcenter\u00a0\u00bb _builder_version=\u00a0\u00bb4.27.4&Prime; transform_rotate=\u00a0\u00bb0deg|0deg|-10deg\u00a0\u00bb width=\u00a0\u00bb100%\u00a0\u00bb height=\u00a0\u00bb276px\u00a0\u00bb max_height=\u00a0\u00bb947px\u00a0\u00bb custom_margin=\u00a0\u00bb-60px||\u00a0\u00bb custom_margin_tablet=\u00a0\u00bb0px||||false|false\u00a0\u00bb custom_margin_phone=\u00a0\u00bb\u00a0\u00bb custom_margin_last_edited=\u00a0\u00bbon|desktop\u00a0\u00bb hover_enabled=\u00a0\u00bb0&Prime; border_radii=\u00a0\u00bbon|65px|65px|65px|65px\u00a0\u00bb box_shadow_style=\u00a0\u00bbpreset3&Prime; box_shadow_horizontal=\u00a0\u00bb26px\u00a0\u00bb box_shadow_vertical=\u00a0\u00bb26px\u00a0\u00bb box_shadow_blur=\u00a0\u00bb68px\u00a0\u00bb box_shadow_spread=\u00a0\u00bb-16px\u00a0\u00bb global_colors_info=\u00a0\u00bb{}\u00a0\u00bb max_width=\u00a0\u00bb51%\u00a0\u00bb min_height=\u00a0\u00bb100px\u00a0\u00bb sticky_enabled=\u00a0\u00bb0&Prime;][\/et_pb_image][et_pb_text _builder_version=\u00a0\u00bb4.16&Prime; text_font=\u00a0\u00bb||||||||\u00a0\u00bb text_line_height=\u00a0\u00bb1.8em\u00a0\u00bb header_font=\u00a0\u00bb||||||||\u00a0\u00bb header_3_font=\u00a0\u00bbAmatic SC|700|||||||\u00a0\u00bb header_3_font_size=\u00a0\u00bb40px\u00a0\u00bb header_3_line_height=\u00a0\u00bb1.2em\u00a0\u00bb custom_margin=\u00a0\u00bb60px||\u00a0\u00bb custom_padding=\u00a0\u00bb||0px|||\u00a0\u00bb global_colors_info=\u00a0\u00bb{}\u00a0\u00bb text_text_align_tablet=\u00a0\u00bbcenter\u00a0\u00bb text_text_align_last_edited=\u00a0\u00bbon|tablet\u00a0\u00bb text_text_align_phone=\u00a0\u00bbcenter\u00a0\u00bb]<\/p>\n<h3 style=\"text-align: center;\">Promenade individuelle<\/h3>\n<p>Que ce soit pour une sortie rapide dans le quartier pour une pause pipi ou une sortie plus longue dans un parc, vous pouvez choisir la promenade qui convient \u00e0 votre chien.<\/p>\n<p>Je viens chercher votre chien \u00e0 votre domicile et le ram\u00e8ne \u00e0 la fin de la promenade. Votre chien est seul avec moi et j&rsquo;utilise les mots qu&rsquo;il connait, vous m&rsquo;expliquez les promenades que vous souhaitez qu&rsquo;il r\u00e9alise.<\/p>\n<p>Je vous envoie des photos et des vid\u00e9os sur whatsapp \u00e0 chaque promenade.<\/p>\n<p style=\"text-align: center;\"><span style=\"font-size: large;\"><strong><\/strong><\/span><\/p>\n<p>[\/et_pb_text][et_pb_accordion closed_toggle_background_color=\u00a0\u00bb#ffffff\u00a0\u00bb _builder_version=\u00a0\u00bb4.16&Prime; toggle_font=\u00a0\u00bbAmatic SC|700|||||||\u00a0\u00bb toggle_font_size=\u00a0\u00bb30px\u00a0\u00bb toggle_line_height=\u00a0\u00bb1.2em\u00a0\u00bb body_font_size=\u00a0\u00bb16px\u00a0\u00bb body_line_height=\u00a0\u00bb1.8em\u00a0\u00bb border_radii=\u00a0\u00bbon|10px|10px|10px|10px\u00a0\u00bb border_width_all=\u00a0\u00bb0px\u00a0\u00bb box_shadow_style=\u00a0\u00bbpreset3&Prime; box_shadow_vertical=\u00a0\u00bb15px\u00a0\u00bb box_shadow_blur=\u00a0\u00bb45px\u00a0\u00bb box_shadow_spread=\u00a0\u00bb-25px\u00a0\u00bb box_shadow_color=\u00a0\u00bbrgba(0,0,0,0.15)\u00a0\u00bb global_colors_info=\u00a0\u00bb{}\u00a0\u00bb][et_pb_accordion_item title=\u00a0\u00bbBALLADE 1H\u00a0\u00bb open=\u00a0\u00bbon\u00a0\u00bb _builder_version=\u00a0\u00bb4.16&Prime; global_colors_info=\u00a0\u00bb{}\u00a0\u00bb]<\/p>\n<ul>\n<li>1 promenade : 25\u20ac<\/li>\n<li>A partir de 4 promenades\/semaine : 24\u20ac\/prom<\/li>\n<li>A partir de 5 promenades\/semaine : 23\u20ac\/prom<\/li>\n<\/ul>\n<p>[\/et_pb_accordion_item][et_pb_accordion_item title=\u00a0\u00bbbALLADE 30 MIN\u00a0\u00bb _builder_version=\u00a0\u00bb4.16&Prime; global_colors_info=\u00a0\u00bb{}\u00a0\u00bb open=\u00a0\u00bboff\u00a0\u00bb]<\/p>\n<ul>\n<li>1 promenade : 17\u20ac\/prom<\/li>\n<li>A partir de 4 promenades\/semaine : 16\u20ac\/prom<\/li>\n<li>A partir de 5 promenades\/semaine : 15\u20ac\/prom<\/li>\n<\/ul>\n<p>[\/et_pb_accordion_item][\/et_pb_accordion][et_pb_button button_url=\u00a0\u00bb@ET-DC@eyJkeW5hbWljIjp0cnVlLCJjb250ZW50IjoicG9zdF9saW5rX3VybF9wYWdlIiwic2V0dGluZ3MiOnsicG9zdF9pZCI6Ijc3In19@\u00a0\u00bb button_text=\u00a0\u00bbR\u00e9servez\u00a0\u00bb button_alignment=\u00a0\u00bbcenter\u00a0\u00bb button_alignment_tablet=\u00a0\u00bbcenter\u00a0\u00bb button_alignment_phone=\u00a0\u00bb\u00a0\u00bb button_alignment_last_edited=\u00a0\u00bbon|tablet\u00a0\u00bb _builder_version=\u00a0\u00bb4.27.4&Prime; custom_button=\u00a0\u00bbon\u00a0\u00bb button_text_size=\u00a0\u00bb22px\u00a0\u00bb button_bg_color=\u00a0\u00bb#E02B20&Prime; button_border_color=\u00a0\u00bbrgba(0,0,0,0)\u00a0\u00bb button_border_radius=\u00a0\u00bb50px\u00a0\u00bb button_font=\u00a0\u00bb|700|||||||\u00a0\u00bb button_icon=\u00a0\u00bb&#x24;||divi||400&Prime; background_layout=\u00a0\u00bbdark\u00a0\u00bb custom_padding=\u00a0\u00bb8px|40px|8px|40px|true|true\u00a0\u00bb hover_enabled=\u00a0\u00bb0&Prime; global_colors_info=\u00a0\u00bb{}\u00a0\u00bb _dynamic_attributes=\u00a0\u00bbbutton_url\u00a0\u00bb sticky_enabled=\u00a0\u00bb0&Prime;][\/et_pb_button][\/et_pb_column][\/et_pb_row][\/et_pb_section]<\/p>\n","protected":false},"excerpt":{"rendered":"<p>Services Dog sitter Lyon &nbsp; Promenade&#8230;<\/p>\n","protected":false},"author":1,"featured_media":0,"parent":0,"menu_order":0,"comment_status":"closed","ping_status":"closed","template":"","meta":{"_et_pb_use_builder":"on","_et_pb_old_content":"","_et_gb_content_width":"","footnotes":""},"class_list":["post-44","page","type-page","status-publish"],"_links":{"self":[{"href":"https:\/\/dogsitterlyon.fr\/index.php?rest_route=\/wp\/v2\/pages\/44","targetHints":{"allow":["GET"]}}],"collection":[{"href":"https:\/\/dogsitterlyon.fr\/index.php?rest_route=\/wp\/v2\/pages"}],"about":[{"href":"https:\/\/dogsitterlyon.fr\/index.php?rest_route=\/wp\/v2\/types\/page"}],"author":[{"embeddable":true,"href":"https:\/\/dogsitterlyon.fr\/index.php?rest_route=\/wp\/v2\/users\/1"}],"replies":[{"embeddable":true,"href":"https:\/\/dogsitterlyon.fr\/index.php?rest_route=%2Fwp%2Fv2%2Fcomments&post=44"}],"version-history":[{"count":4,"href":"https:\/\/dogsitterlyon.fr\/index.php?rest_route=\/wp\/v2\/pages\/44\/revisions"}],"predecessor-version":[{"id":104,"href":"https:\/\/dogsitterlyon.fr\/index.php?rest_route=\/wp\/v2\/pages\/44\/revisions\/104"}],"wp:attachment":[{"href":"https:\/\/dogsitterlyon.fr\/index.php?rest_route=%2Fwp%2Fv2%2Fmedia&parent=44"}],"curies":[{"name":"wp","href":"https:\/\/api.w.org\/{rel}","templated":true}]}}